{"id":20702,"date":"2024-04-18T02:29:11","date_gmt":"2024-04-18T09:29:11","guid":{"rendered":"https:\/\/www.vertigis.com\/?page_id=20702"},"modified":"2026-02-11T04:18:40","modified_gmt":"2026-02-11T12:18:40","slug":"training-emea","status":"publish","type":"page","link":"https:\/\/www.vertigis.com\/de\/support-services\/training-emea\/","title":{"rendered":"Training"},"content":{"rendered":"<style>\r\n.intro-bg {\r\n    background-color: #F0F5F8;\r\n}\r\n.banner {\r\n    display: flex;\r\n    align-items: center;\r\n    position: relative;\r\n    justify-content: flex-end;\r\n    background: url(\/wp-content\/themes\/eclipse360\/assets\/images\/banner-bg.jpg) no-repeat top center \/ cover;\r\n}\r\n.banner::after {\r\n    content: '';\r\n    width: 100%;\r\n    height: 120px;\r\n    position: absolute;\r\n    left: 0;\r\n    bottom: 0;\r\n    background-color: #F0F5F8;\r\n}\r\n.banner h1 {\r\n    color: #9FCC3B !important;\r\n}\r\n.banner h2 {\r\n    color: #fff;\r\n    margin: 0;\r\n    font-size: calc(2vw + 24px);\r\n    line-height: 1;\r\n    font-weight: 900;\r\n}\r\n.home .banner h2 {\r\n    font-size: calc(3vw + 30px);\r\n}\r\n.banner h3 {\r\n    color: #9FCC3B;\r\n    font-weight: 400;\r\n    margin: 15px 0;\r\n    line-height: 1;\r\n    font-size: 18px;\r\n    text-shadow: 1px 1px 0 #000;\r\n}\r\n.banner .left h2 + h3 {\r\n    padding-left: 10px;\r\n    border-left: 1px solid #9FCC3B;\r\n}\r\n.banner .left {\r\n    left: 5%;\r\n    top: 40%;\r\n    position: absolute;\r\n    z-index: 3;\r\n    padding-right: 15px;\r\n    transition: all 2s;\r\n    opacity: 0.3;\r\n    max-width: 800px;\r\n}\r\n.home .banner .left {\r\n    width: calc(100% - 6%);\r\n    max-width: calc(100% - 6%);\r\n}\r\n.animate .banner .left {\r\n    top: 30%;\r\n    opacity: 1;\r\n}\r\n.banner .right {\r\n    flex-basis: 55%;\r\n    position: relative;\r\n    height: 40vw;\r\n    z-index: 1;\r\n    margin-top: 120px;\r\n    transition: all 2s;\r\n    min-height: 400px;\r\n}\r\n.animate .banner .right {\r\n    flex-basis: 60%;\r\n}\r\n.home .banner .right {\r\n    height: 50vw;\r\n    flex-basis: 75%;\r\n}\r\n.animate.home .banner .right {\r\n    flex-basis: 80%;\r\n}\r\n.banner .right img {\r\n    object-fit: cover;\r\n    width: 100%;\r\n    height: 100%;\r\n}\r\n.home .banner .right::after {\r\n    content: '';\r\n    display: block;\r\n    position: absolute;\r\n    top: 0;\r\n    left: 0;\r\n    width: 100%;\r\n    height: 100%;\r\n    background-color: rgba(0,0,0,0.3);\r\n    pointer-events: none;\r\n}\r\n.intro {\r\n    padding: 120px 30px;\r\n    font-size: 25px;\r\n}\r\n.intro .container {\r\n    max-width: 900px;\r\n    text-align: center;\r\n}\r\n.home .intro .container {\r\n    max-width: 1100px;\r\n    text-align: left;\r\n}\r\n.home .intro {\r\n    font-size: 40px;\r\n}\r\n.intro {\r\n    position: relative;\r\n}\r\n.intro .gallery {\r\n    padding-top: 60px;\r\n    display: flex;\r\n    flex-wrap: wrap;\r\n    justify-content: center;\r\n    align-items: center;\r\n}\r\n.intro .gallery img {\r\n    flex-basis: calc(25% - 5px);\r\n    padding: 5%;\r\n}\r\n.intro .button {\r\n    margin: 30px 30px 0 0;\r\n    min-width: 182px;\r\n    text-align: center;\r\n}\r\n.intro .button:last-child {\r\n    margin-right: 0;\r\n}\r\nbody:not(.home) .intro.angle-graphic-left::before {\r\n    top: -60%;\r\n}\r\nbody:not(.home) .intro.angle-graphic-left::after {\r\n    top: 10%;\r\n}\r\nbody:not(.home) .intro.in-view.angle-graphic-left::before {\r\n    top: -100%;\r\n}\r\nbody:not(.home) .intro.in-view.angle-graphic-left::after {\r\n    top: -60%;\r\n}\r\n\r\n.banner .bg {\r\n    position: absolute;\r\n    top: 0;\r\n    left: 0;\r\n    width: 100%;\r\n    height: 100%;\r\n}\r\n.banner .small-green-text {\r\n    font-size: 24px !important;\r\n}\r\n@media (max-width: 800px) {\r\n    .banner .right {\r\n        height: 55vh;\r\n        flex-basis: 100% !important;\r\n        margin-top: 90px;\r\n    }\r\n    .banner .right::after {\r\n        content: '';\r\n        display: block;\r\n        position: absolute;\r\n        top: 0;\r\n        left: 0;\r\n        width: 100%;\r\n        height: 100%;\r\n        background-color: rgba(0,0,0,0.3);\r\n        pointer-events: none;\r\n    }\r\n    .home .intro {\r\n        font-size: 26px;\r\n    }\r\n    .intro .gallery img {\r\n        flex-basis: unset;\r\n        padding: 8%;\r\n        width: 50%;\r\n    }\r\n}\r\n@media (min-width: 1000px) {\r\n    .banner::before {\r\n        content: '';\r\n        display: block;\r\n        position: absolute;\r\n        top: 0;\r\n        left: -10%;\r\n        width: 50%;\r\n        height: 100%;\r\n        background: url(\/wp-content\/themes\/eclipse360\/assets\/images\/banner-overlay.svg) no-repeat top center \/ contain;\r\n        z-index: 2;\r\n        opacity: 0;\r\n        transition: all 2s;\r\n    }\r\n    .animate .banner::before {\r\n        left: -5%;\r\n        opacity: 0.5;\r\n    }\r\n}\r\n<\/style>\r\n\r\n\r\n<div class=\"intro-bg\">\r\n    <section class=\"banner\">\r\n                <div class=\"left\">\r\n                            <h1 class=\"small-green-text\">VertiGIS Training<\/h1>\r\n                        <h2>Schulungen f\u00fcr Ihre VertiGIS Produkte<\/h2>\r\n                                <\/div>\r\n        <div class=\"right\">\r\n            <img loading=\"lazy\" decoding=\"async\" width=\"2560\" height=\"1707\" src=\"https:\/\/www.vertigis.com\/wp-content\/uploads\/2021\/05\/AdobeStock_223702390-2560x1707.jpeg\" class=\"attachment-banner size-banner\" alt=\"\" srcset=\"https:\/\/www.vertigis.com\/wp-content\/uploads\/2021\/05\/AdobeStock_223702390-2560x1707.jpeg 2560w, https:\/\/www.vertigis.com\/wp-content\/uploads\/2021\/05\/AdobeStock_223702390-300x200.jpeg 300w, https:\/\/www.vertigis.com\/wp-content\/uploads\/2021\/05\/AdobeStock_223702390-1024x683.jpeg 1024w, https:\/\/www.vertigis.com\/wp-content\/uploads\/2021\/05\/AdobeStock_223702390-391x260.jpeg 391w, https:\/\/www.vertigis.com\/wp-content\/uploads\/2021\/05\/AdobeStock_223702390-1536x1024.jpeg 1536w, https:\/\/www.vertigis.com\/wp-content\/uploads\/2021\/05\/AdobeStock_223702390-2048x1365.jpeg 2048w, https:\/\/www.vertigis.com\/wp-content\/uploads\/2021\/05\/AdobeStock_223702390-400x267.jpeg 400w, https:\/\/www.vertigis.com\/wp-content\/uploads\/2021\/05\/AdobeStock_223702390-800x533.jpeg 800w, https:\/\/www.vertigis.com\/wp-content\/uploads\/2021\/05\/AdobeStock_223702390-1200x800.jpeg 1200w, https:\/\/www.vertigis.com\/wp-content\/uploads\/2021\/05\/AdobeStock_223702390-1600x1067.jpeg 1600w\" sizes=\"auto, (max-width: 2560px) 100vw, 2560px\" \/>        <\/div>\r\n    <\/section>\r\n    <section class=\"intro angle-graphic-left graphic-1\">\r\n        <div class=\"container\">\r\n            <p>Wir sind f\u00fcr Sie da! Unser Schulungsteam unterst\u00fctzt Sie dabei, das Beste aus Ihrer VertiGIS Technologie herauszuholen. Unsere qualifizierten Trainer*innen vermitteln praxisnahes Wissen und geben Tipps f\u00fcr Ihre t\u00e4glichen Aufgabenstellungen. Freuen Sie sich auf einen abwechslungsreichen Ablauf mit einem Mix aus Vortrag, Beispielen und \u00dcbungen!<\/p>\n                    <\/div>\r\n    <\/section>\r\n<\/div>\n\n<style>\r\n    .solutions {\r\n        padding: 180px 30px 90px;\r\n    }\r\n    .solutions .container {\r\n        padding: 0;\r\n    }\r\n    .solutions h2 {\r\n        font-size: calc(2vw + 26px);\r\n        line-height: 1;\r\n    }\r\n    .s-columns {\r\n        padding: 30px 0 60px;\r\n        display: flex;\r\n        flex-wrap: wrap;\r\n        align-items: flex-start;\r\n    }\r\n    .s-column {\r\n        flex-basis: 25%;\r\n        padding: 0 30px 60px 0;\r\n        transition: opacity 500ms;\r\n        background: #fff;\r\n        position: relative;\r\n        font-size: 15px;\r\n    }\r\n    .s-column.active {\r\n        opacity: 1;\r\n    }\r\n    .s-column.not-active {\r\n        opacity: 0.2;\r\n    }\r\n    .s-column a {\r\n        display: block;\r\n        color: #0b1121;\r\n        text-decoration: none !important;\r\n    }\r\n    .s-column a:hover h3 {\r\n        color: #138943;\r\n    }\r\n    .s-column h3 {\r\n        font-size: 18px;\r\n        margin: 10px 0;\r\n        transition: all 500ms;\r\n        position: relative;\r\n        padding-right: 10px;\r\n    }\r\n    html[lang=\"de-DE\"] .s-column h3 {\r\n        font-size: 15px;\r\n    }\r\n    .s-column h3::after {\r\n        transform: rotate(-90deg);\r\n        margin: 0 0 0 10px;\r\n        position: absolute;\r\n        top: 5px;\r\n        right: 0;\r\n    }\r\n    .s-column a > img {\r\n        width: 38px;\r\n        height: 38px;\r\n    }\r\n    .solutions .outro .content {\r\n        padding: 15px 0 30px;\r\n    }\r\n    .about .s-column {\r\n        flex-basis: 33%;\r\n    }\r\n    @media (max-width: 1100px) {\r\n        .s-column {\r\n            flex-basis: 50% !important;\r\n        }\r\n    }\r\n    @media (max-width: 600px) {\r\n        .solutions {\r\n            padding: 30px;\r\n        }\r\n        .s-column {\r\n            flex-basis: 100% !important;\r\n            padding-right: 0;\r\n        }\r\n    }\r\n<\/style>\r\n\r\n<section class=\"solutions angle-graphic-right\">\r\n    <div class=\"container\">\r\n                        \r\n                <div class=\"s-columns\">\r\n                            <div class=\"s-column\">\r\n                    <a href=\"https:\/\/www.vertigis.com\/de\/support-services\/training-emea\/vertigis-studio\/\">\r\n                                                <h3>VertiGIS Studio<\/h3>\r\n                        <div class=\"content\">\r\n                            F\u00fcr unsere Produktlinie VertiGIS Studio bieten wir folgende Standardschulungen an: VertiGIS Studio Web, VertiGIS Studio Workflow und VertiGIS Studio Mobile sowie zus\u00e4tzliche Schulungen von unserem Partner TeachMeGIS.                        <\/div>\r\n                    <\/a>\r\n                <\/div>\r\n                            <div class=\"s-column\">\r\n                    <a href=\"https:\/\/www.vertigis.com\/de\/support-services\/training-emea\/vertigis-networks\/\">\r\n                                                <h3>VertiGIS Networks<\/h3>\r\n                        <div class=\"content\">\r\n                            F\u00fcr unsere Produktlinie VertiGIS Networks bieten wir Test-Drive- sowie E-Learning-M\u00f6glichkeiten und Standardschulungen an.                        <\/div>\r\n                    <\/a>\r\n                <\/div>\r\n                            <div class=\"s-column\">\r\n                    <a href=\"https:\/\/www.vertigis.com\/de\/support-services\/training-emea\/workshops\/\">\r\n                                                <h3>VertiGIS FM<\/h3>\r\n                        <div class=\"content\">\r\n                            F\u00fcr die Produktlinie VertiGIS FM bieten wir auf Anfrage zu verschiedenen Themenbereichen individuelle Workshops an.                        <\/div>\r\n                    <\/a>\r\n                <\/div>\r\n                            <div class=\"s-column\">\r\n                    <a href=\"https:\/\/www.vertigis.com\/de\/support-services\/training-emea\/lm-schulungen\/\">\r\n                                                <h3>VertiGIS Land Management<\/h3>\r\n                        <div class=\"content\">\r\n                            F\u00fcr unsere Produktlinie VertiGIS Land Management (LM) bieten wir zahlreiche E-Learning-Module an \u2013 flexibel, digital und jederzeit verf\u00fcgbar.                        <\/div>\r\n                    <\/a>\r\n                <\/div>\r\n                            <div class=\"s-column\">\r\n                    <a href=\"https:\/\/www.vertigis.com\/de\/support-services\/training-emea\/workshops\/\">\r\n                                                <h3>VertiGIS ConnectMaster<\/h3>\r\n                        <div class=\"content\">\r\n                            F\u00fcr die Produktlinie VertiGIS ConnectMaster bieten wir auf Anfrage zu verschiedenen Themenbereichen individuelle Schulungen oder Workshops an.                        <\/div>\r\n                    <\/a>\r\n                <\/div>\r\n                            <div class=\"s-column\">\r\n                    <a href=\"https:\/\/www.vertigis.com\/de\/support-services\/training-emea\/workshops\/\">\r\n                                                <h3>GEONIS<\/h3>\r\n                        <div class=\"content\">\r\n                            F\u00fcr die Produktlinie GEONIS bieten wir auf Anfrage zu verschiedenen Themenbereichen individuelle Schulungen oder Workshops an.                        <\/div>\r\n                    <\/a>\r\n                <\/div>\r\n                    <\/div>\r\n            <\/div>\r\n<\/section>\n\n<style>\r\n    .cta {\r\n        padding: 120px 30px;\r\n    }\r\n    .cta .image-wrap {\r\n        width: 100%;\r\n        height: 36vw;\r\n        padding: 0 120px 30px 0;\r\n        position: relative;\r\n        transition: all 500ms;\r\n        min-height: 600px;\r\n        opacity: 0.5;\r\n        top: 120px;\r\n    }\r\n    .cta .content {\r\n        position: absolute;\r\n        right: 0px;\r\n        bottom: 0;\r\n        color: #fff;\r\n        width: 50%;\r\n        padding: 120px 30px;\r\n        font-size: 30px;\r\n        font-size: 16px;\r\n        background: #138943;\r\n    }\r\n    .cta .content > * {\r\n        max-width: 500px;\r\n    }\r\n    .cta .angle-graphic-left::before,\r\n    .cta .angle-graphic-left::after {\r\n        left: -30px;\r\n    }\r\n    .cta .angle-graphic-left::before {\r\n        top: 85%;\r\n    }\r\n    .cta .angle-graphic-left::after {\r\n        top: 95%;\r\n    }\r\n    .cta .angle-graphic-left.in-view::before {\r\n        top: 60%;\r\n    }\r\n    .cta .angle-graphic-left.in-view::after {\r\n        top: 75%;\r\n    }\r\n    .cta .angle-graphic-right::before,\r\n    .cta .angle-graphic-right::after {\r\n        right: -30px;\r\n    }\r\n    .cta .angle-graphic-right::before {\r\n        top: -15%;\r\n    }\r\n    .cta .angle-graphic-right::after {\r\n        top: -5%;\r\n    }\r\n    .cta .in-view .angle-graphic-right::before {\r\n        top: 10%;\r\n    }\r\n    .cta .in-view .angle-graphic-right::after {\r\n        top: 25%;\r\n    }\r\n    .cta .in-view .image-wrap {\r\n        opacity: 1;\r\n        top: 0;\r\n    }\r\n    .cta .button {\r\n        margin: 30px 15px 0 0px;\r\n    }\r\n    .cta .small-green-text {\r\n        color: #9FCC3B !important;\r\n    }\r\n    .cta h3 {\r\n        margin: 0;\r\n    }\r\n    @media (max-width: 800px) {\r\n        .cta {\r\n            padding: 30px;\r\n        }\r\n        .cta .image-wrap {\r\n            padding: 0 !important;\r\n            min-height: 330px;\r\n        }\r\n        .cta .content {\r\n            width: 100% !important;\r\n            z-index: 1;\r\n            margin: -60px -30px 0 0;\r\n            position: static;\r\n            padding: 60px 30px;\r\n        }\r\n        .cta .container {\r\n            display: flex;\r\n            flex-wrap: wrap;\r\n            justify-content: flex-end;\r\n        }\r\n        .cta h3 {\r\n            font-size: 30px;\r\n        }\r\n        .cta .button {\r\n            display: block;\r\n            text-align: center;\r\n        }\r\n    }\r\n<\/style>\r\n\r\n\r\n<section id=\" angle-bg\" class=\"cta angle-bg angle-bg\">\r\n    <div class=\"angle-graphic-left graphic-2\">\r\n        <div class=\"angle-graphic-right\">\r\n            <div class=\"container\">\r\n                <div class=\"image-wrap\">\r\n                    <img loading=\"lazy\" decoding=\"async\" width=\"2289\" height=\"1410\" src=\"https:\/\/www.vertigis.com\/wp-content\/uploads\/2021\/04\/handshake.jpg\" class=\"attachment-full size-full\" alt=\"\" srcset=\"https:\/\/www.vertigis.com\/wp-content\/uploads\/2021\/04\/handshake.jpg 2289w, https:\/\/www.vertigis.com\/wp-content\/uploads\/2021\/04\/handshake-300x185.jpg 300w, https:\/\/www.vertigis.com\/wp-content\/uploads\/2021\/04\/handshake-1024x631.jpg 1024w, https:\/\/www.vertigis.com\/wp-content\/uploads\/2021\/04\/handshake-1536x946.jpg 1536w, https:\/\/www.vertigis.com\/wp-content\/uploads\/2021\/04\/handshake-2048x1262.jpg 2048w, https:\/\/www.vertigis.com\/wp-content\/uploads\/2021\/04\/handshake-400x246.jpg 400w, https:\/\/www.vertigis.com\/wp-content\/uploads\/2021\/04\/handshake-800x493.jpg 800w, https:\/\/www.vertigis.com\/wp-content\/uploads\/2021\/04\/handshake-1200x739.jpg 1200w, https:\/\/www.vertigis.com\/wp-content\/uploads\/2021\/04\/handshake-1600x986.jpg 1600w\" sizes=\"auto, (max-width: 2289px) 100vw, 2289px\" \/>                <\/div>\r\n                <div class=\"content\">\r\n                                            <h4 class=\"small-green-text\">Wir bieten auch an Ihre individuellen Bed\u00fcrfnisse angepasste Workshops an!<\/h4>\r\n                                                                <h3>Individuelle Workshops<\/h3>\r\n                                                                                                                <a class=\"button black\"href=\"https:\/\/www.vertigis.com\/de\/support-services\/training-emea\/workshops\/\">Zur Anfrage<\/a>\r\n                                                                                <\/div>\r\n            <\/div>\r\n        <\/div>      \r\n    <\/div>\r\n<\/section>","protected":false},"excerpt":{"rendered":"","protected":false},"author":25,"featured_media":0,"parent":8772,"menu_order":78,"comment_status":"closed","ping_status":"closed","template":"","meta":{"_acf_changed":false,"_EventAllDay":false,"_EventTimezone":"","_EventStartDate":"","_EventEndDate":"","_EventStartDateUTC":"","_EventEndDateUTC":"","_EventShowMap":false,"_EventShowMapLink":false,"_EventURL":"","_EventCost":"","_EventCostDescription":"","_EventCurrencySymbol":"","_EventCurrencyCode":"","_EventCurrencyPosition":"","_EventDateTimeSeparator":"","_EventTimeRangeSeparator":"","_EventOrganizerID":[],"_EventVenueID":[],"_OrganizerEmail":"","_OrganizerPhone":"","_OrganizerWebsite":"","_VenueAddress":"","_VenueCity":"","_VenueCountry":"","_VenueProvince":"","_VenueState":"","_VenueZip":"","_VenuePhone":"","_VenueURL":"","_VenueStateProvince":"","_VenueLat":"","_VenueLng":"","_VenueShowMap":false,"_VenueShowMapLink":false,"footnotes":""},"wf_page_folders":[406,415],"class_list":["post-20702","page","type-page","status-publish","hentry"],"acf":[],"yoast_head":"<!-- This site is optimized with the Yoast SEO Premium plugin v27.5 (Yoast SEO v27.5) - https:\/\/yoast.com\/product\/yoast-seo-premium-wordpress\/ -->\n<title>VertiGIS Training - Schulungen und Workshops<\/title>\n<meta name=\"description\" content=\"Vertiefen Sie Ihr GIS-Know-how mit VertiGIS Trainings. Praxisnahe Kurse und Workshops steigern Produktivit\u00e4t, Qualit\u00e4t und Akzeptanz Ihrer Geospatial-L\u00f6sungen.\" \/>\n<meta name=\"robots\" content=\"index, follow, max-snippet:-1, max-image-preview:large, max-video-preview:-1\" \/>\n<link rel=\"canonical\" href=\"https:\/\/www.vertigis.com\/de\/support-services\/training-emea\/\" \/>\n<meta property=\"og:locale\" content=\"de_DE\" \/>\n<meta property=\"og:type\" content=\"article\" \/>\n<meta property=\"og:title\" content=\"Training\" \/>\n<meta property=\"og:url\" content=\"https:\/\/www.vertigis.com\/de\/support-services\/training-emea\/\" \/>\n<meta property=\"og:site_name\" content=\"VertiGIS\" \/>\n<meta property=\"article:modified_time\" content=\"2026-02-11T12:18:40+00:00\" \/>\n<meta name=\"twitter:card\" content=\"summary_large_image\" \/>\n<meta name=\"twitter:label1\" content=\"Gesch\u00e4tzte Lesezeit\" \/>\n\t<meta name=\"twitter:data1\" content=\"2\u00a0Minuten\" \/>\n<script type=\"application\/ld+json\" class=\"yoast-schema-graph\">{\"@context\":\"https:\\\/\\\/schema.org\",\"@graph\":[{\"@type\":\"WebPage\",\"@id\":\"https:\\\/\\\/www.vertigis.com\\\/de\\\/support-services\\\/training-emea\\\/\",\"url\":\"https:\\\/\\\/www.vertigis.com\\\/de\\\/support-services\\\/training-emea\\\/\",\"name\":\"VertiGIS Training - Schulungen und Workshops\",\"isPartOf\":{\"@id\":\"https:\\\/\\\/www.vertigis.com\\\/de\\\/#website\"},\"datePublished\":\"2024-04-18T09:29:11+00:00\",\"dateModified\":\"2026-02-11T12:18:40+00:00\",\"description\":\"Vertiefen Sie Ihr GIS-Know-how mit VertiGIS Trainings. Praxisnahe Kurse und Workshops steigern Produktivit\u00e4t, Qualit\u00e4t und Akzeptanz Ihrer Geospatial-L\u00f6sungen.\",\"breadcrumb\":{\"@id\":\"https:\\\/\\\/www.vertigis.com\\\/de\\\/support-services\\\/training-emea\\\/#breadcrumb\"},\"inLanguage\":\"de\",\"potentialAction\":[{\"@type\":\"ReadAction\",\"target\":[\"https:\\\/\\\/www.vertigis.com\\\/de\\\/support-services\\\/training-emea\\\/\"]}]},{\"@type\":\"BreadcrumbList\",\"@id\":\"https:\\\/\\\/www.vertigis.com\\\/de\\\/support-services\\\/training-emea\\\/#breadcrumb\",\"itemListElement\":[{\"@type\":\"ListItem\",\"position\":1,\"name\":\"Support &#038; Services\",\"item\":\"https:\\\/\\\/www.vertigis.com\\\/de\\\/support-services\\\/\"},{\"@type\":\"ListItem\",\"position\":2,\"name\":\"Training\"}]},{\"@type\":\"WebSite\",\"@id\":\"https:\\\/\\\/www.vertigis.com\\\/de\\\/#website\",\"url\":\"https:\\\/\\\/www.vertigis.com\\\/de\\\/\",\"name\":\"VertiGIS\",\"description\":\"Solutions designed with your purpose in mind\",\"publisher\":{\"@id\":\"https:\\\/\\\/www.vertigis.com\\\/de\\\/#organization\"},\"potentialAction\":[{\"@type\":\"SearchAction\",\"target\":{\"@type\":\"EntryPoint\",\"urlTemplate\":\"https:\\\/\\\/www.vertigis.com\\\/de\\\/?s={search_term_string}\"},\"query-input\":{\"@type\":\"PropertyValueSpecification\",\"valueRequired\":true,\"valueName\":\"search_term_string\"}}],\"inLanguage\":\"de\"},{\"@type\":\"Organization\",\"@id\":\"https:\\\/\\\/www.vertigis.com\\\/de\\\/#organization\",\"name\":\"VertiGIS\",\"url\":\"https:\\\/\\\/www.vertigis.com\\\/de\\\/\",\"logo\":{\"@type\":\"ImageObject\",\"inLanguage\":\"de\",\"@id\":\"https:\\\/\\\/www.vertigis.com\\\/de\\\/#\\\/schema\\\/logo\\\/image\\\/\",\"url\":\"https:\\\/\\\/www.vertigis.com\\\/wp-content\\\/uploads\\\/2025\\\/07\\\/VertiGIS-Studio-Logo-1-1.png\",\"contentUrl\":\"https:\\\/\\\/www.vertigis.com\\\/wp-content\\\/uploads\\\/2025\\\/07\\\/VertiGIS-Studio-Logo-1-1.png\",\"width\":823,\"height\":127,\"caption\":\"VertiGIS\"},\"image\":{\"@id\":\"https:\\\/\\\/www.vertigis.com\\\/de\\\/#\\\/schema\\\/logo\\\/image\\\/\"}}]}<\/script>\n<!-- \/ Yoast SEO Premium plugin. -->","yoast_head_json":{"title":"VertiGIS Training - Schulungen und Workshops","description":"Vertiefen Sie Ihr GIS-Know-how mit VertiGIS Trainings. Praxisnahe Kurse und Workshops steigern Produktivit\u00e4t, Qualit\u00e4t und Akzeptanz Ihrer Geospatial-L\u00f6sungen.","robots":{"index":"index","follow":"follow","max-snippet":"max-snippet:-1","max-image-preview":"max-image-preview:large","max-video-preview":"max-video-preview:-1"},"canonical":"https:\/\/www.vertigis.com\/de\/support-services\/training-emea\/","og_locale":"de_DE","og_type":"article","og_title":"Training","og_url":"https:\/\/www.vertigis.com\/de\/support-services\/training-emea\/","og_site_name":"VertiGIS","article_modified_time":"2026-02-11T12:18:40+00:00","twitter_card":"summary_large_image","twitter_misc":{"Gesch\u00e4tzte Lesezeit":"2\u00a0Minuten"},"schema":{"@context":"https:\/\/schema.org","@graph":[{"@type":"WebPage","@id":"https:\/\/www.vertigis.com\/de\/support-services\/training-emea\/","url":"https:\/\/www.vertigis.com\/de\/support-services\/training-emea\/","name":"VertiGIS Training - Schulungen und Workshops","isPartOf":{"@id":"https:\/\/www.vertigis.com\/de\/#website"},"datePublished":"2024-04-18T09:29:11+00:00","dateModified":"2026-02-11T12:18:40+00:00","description":"Vertiefen Sie Ihr GIS-Know-how mit VertiGIS Trainings. Praxisnahe Kurse und Workshops steigern Produktivit\u00e4t, Qualit\u00e4t und Akzeptanz Ihrer Geospatial-L\u00f6sungen.","breadcrumb":{"@id":"https:\/\/www.vertigis.com\/de\/support-services\/training-emea\/#breadcrumb"},"inLanguage":"de","potentialAction":[{"@type":"ReadAction","target":["https:\/\/www.vertigis.com\/de\/support-services\/training-emea\/"]}]},{"@type":"BreadcrumbList","@id":"https:\/\/www.vertigis.com\/de\/support-services\/training-emea\/#breadcrumb","itemListElement":[{"@type":"ListItem","position":1,"name":"Support &#038; Services","item":"https:\/\/www.vertigis.com\/de\/support-services\/"},{"@type":"ListItem","position":2,"name":"Training"}]},{"@type":"WebSite","@id":"https:\/\/www.vertigis.com\/de\/#website","url":"https:\/\/www.vertigis.com\/de\/","name":"VertiGIS","description":"Solutions designed with your purpose in mind","publisher":{"@id":"https:\/\/www.vertigis.com\/de\/#organization"},"potentialAction":[{"@type":"SearchAction","target":{"@type":"EntryPoint","urlTemplate":"https:\/\/www.vertigis.com\/de\/?s={search_term_string}"},"query-input":{"@type":"PropertyValueSpecification","valueRequired":true,"valueName":"search_term_string"}}],"inLanguage":"de"},{"@type":"Organization","@id":"https:\/\/www.vertigis.com\/de\/#organization","name":"VertiGIS","url":"https:\/\/www.vertigis.com\/de\/","logo":{"@type":"ImageObject","inLanguage":"de","@id":"https:\/\/www.vertigis.com\/de\/#\/schema\/logo\/image\/","url":"https:\/\/www.vertigis.com\/wp-content\/uploads\/2025\/07\/VertiGIS-Studio-Logo-1-1.png","contentUrl":"https:\/\/www.vertigis.com\/wp-content\/uploads\/2025\/07\/VertiGIS-Studio-Logo-1-1.png","width":823,"height":127,"caption":"VertiGIS"},"image":{"@id":"https:\/\/www.vertigis.com\/de\/#\/schema\/logo\/image\/"}}]}},"_links":{"self":[{"href":"https:\/\/www.vertigis.com\/de\/wp-json\/wp\/v2\/pages\/20702","targetHints":{"allow":["GET"]}}],"collection":[{"href":"https:\/\/www.vertigis.com\/de\/wp-json\/wp\/v2\/pages"}],"about":[{"href":"https:\/\/www.vertigis.com\/de\/wp-json\/wp\/v2\/types\/page"}],"author":[{"embeddable":true,"href":"https:\/\/www.vertigis.com\/de\/wp-json\/wp\/v2\/users\/25"}],"replies":[{"embeddable":true,"href":"https:\/\/www.vertigis.com\/de\/wp-json\/wp\/v2\/comments?post=20702"}],"version-history":[{"count":0,"href":"https:\/\/www.vertigis.com\/de\/wp-json\/wp\/v2\/pages\/20702\/revisions"}],"up":[{"embeddable":true,"href":"https:\/\/www.vertigis.com\/de\/wp-json\/wp\/v2\/pages\/8772"}],"wp:attachment":[{"href":"https:\/\/www.vertigis.com\/de\/wp-json\/wp\/v2\/media?parent=20702"}],"wp:term":[{"taxonomy":"wf_page_folders","embeddable":true,"href":"https:\/\/www.vertigis.com\/de\/wp-json\/wp\/v2\/wf_page_folders?post=20702"}],"curies":[{"name":"wp","href":"https:\/\/api.w.org\/{rel}","templated":true}]}}