{"id":4095,"date":"2021-04-08T09:12:29","date_gmt":"2021-04-08T16:12:29","guid":{"rendered":"https:\/\/vertigis.eclipsedev.tk\/solutions\/"},"modified":"2026-03-27T00:57:03","modified_gmt":"2026-03-27T07:57:03","slug":"branchen","status":"publish","type":"page","link":"https:\/\/www.vertigis.com\/de\/branchen\/","title":{"rendered":"Branchen"},"content":{"rendered":"\n<div style=\"height:120px\" aria-hidden=\"true\" class=\"wp-block-spacer\"><\/div>\n\n\n<style>\r\n    .solutions {\r\n        padding: 180px 30px 90px;\r\n    }\r\n    .solutions .container {\r\n        padding: 0;\r\n    }\r\n    .solutions h2 {\r\n        font-size: calc(2vw + 26px);\r\n        line-height: 1;\r\n    }\r\n    .s-columns {\r\n        padding: 30px 0 60px;\r\n        display: flex;\r\n        flex-wrap: wrap;\r\n        align-items: flex-start;\r\n    }\r\n    .s-column {\r\n        flex-basis: 25%;\r\n        padding: 0 30px 60px 0;\r\n        transition: opacity 500ms;\r\n        background: #fff;\r\n        position: relative;\r\n        font-size: 15px;\r\n    }\r\n    .s-column.active {\r\n        opacity: 1;\r\n    }\r\n    .s-column.not-active {\r\n        opacity: 0.2;\r\n    }\r\n    .s-column a {\r\n        display: block;\r\n        color: #0b1121;\r\n        text-decoration: none !important;\r\n    }\r\n    .s-column a:hover h3 {\r\n        color: #138943;\r\n    }\r\n    .s-column h3 {\r\n        font-size: 18px;\r\n        margin: 10px 0;\r\n        transition: all 500ms;\r\n        position: relative;\r\n        padding-right: 10px;\r\n    }\r\n    html[lang=\"de-DE\"] .s-column h3 {\r\n        font-size: 15px;\r\n    }\r\n    .s-column h3::after {\r\n        transform: rotate(-90deg);\r\n        margin: 0 0 0 10px;\r\n        position: absolute;\r\n        top: 5px;\r\n        right: 0;\r\n    }\r\n    .s-column a > img {\r\n        width: 38px;\r\n        height: 38px;\r\n    }\r\n    .solutions .outro .content {\r\n        padding: 15px 0 30px;\r\n    }\r\n    .about .s-column {\r\n        flex-basis: 33%;\r\n    }\r\n    @media (max-width: 1100px) {\r\n        .s-column {\r\n            flex-basis: 50% !important;\r\n        }\r\n    }\r\n    @media (max-width: 600px) {\r\n        .solutions {\r\n            padding: 30px;\r\n        }\r\n        .s-column {\r\n            flex-basis: 100% !important;\r\n            padding-right: 0;\r\n        }\r\n    }\r\n<\/style>\r\n\r\n<section class=\"solutions angle-graphic-right\">\r\n    <div class=\"container\">\r\n                    <h4 class=\"small-green-text\">Ihre GIS-L\u00f6sung in der Cloud. Ihre Branche. Ihre Zukunft.<\/h4>\r\n                            <h2>Das ist VertiGIS Neo<\/h2>\r\n                \r\n        <div class=\"content intro-content\"><p><span data-contrast=\"auto\">VertiGIS Neo geht \u00fcber klassische GIS-Funktionalit\u00e4ten hinaus und maximiert den Wert Ihrer GIS-Investitionen. Die leistungsstarken, branchenspezifischen Software-L\u00f6sungen verbinden traditionelle GIS-Systeme mit den dynamischen Anforderungen moderner Organisationen. So bleiben Sie dem technologischen Wandel nicht nur gewachsen \u2013 Sie gestalten ihn aktiv mit.<\/span><span data-ccp-props=\"{&quot;335559685&quot;:426}\">\u00a0<\/span><\/p>\n<p><span data-contrast=\"auto\">VertiGIS Neo baut auf ArcGIS auf und verbindet eine zukunftsweisende Cloud-first-Architektur mit KI-gest\u00fctzten Analysen. Das Ergebnis: Optimale Skalierbarkeit, Flexibilit\u00e4t und Performance dank verschiedener Bereitstellungsmodelle: Cloud Managed Services, Private Cloud oder Hybrid Cloud. So gewinnen Sie tiefere Einblicke, treffen fundiertere Entscheidungen und schaffen branchen\u00fcbergreifend einen messbaren Mehrwert.<\/span><span data-ccp-props=\"{&quot;335559685&quot;:426}\">\u00a0<\/span><\/p>\n<\/div>        <div class=\"s-columns\">\r\n                            <div class=\"s-column\">\r\n                    <a href=\"https:\/\/www.vertigis.com\/de\/solutions\/oeffentliche-verwaltung\/\">\r\n                        <img loading=\"lazy\" decoding=\"async\" width=\"37\" height=\"37\" src=\"https:\/\/www.vertigis.com\/wp-content\/uploads\/2021\/03\/icon-public-sector.svg\" class=\"attachment-full size-full\" alt=\"\" \/>                        <h3>\u00d6ffentliche Verwaltung<\/h3>\r\n                        <div class=\"content\">\r\n                            Nutzen Sie r\u00e4umliche Daten, um Prozesse zu optimieren und Informationen einfach zur Verf\u00fcgung zu stellen.                        <\/div>\r\n                    <\/a>\r\n                <\/div>\r\n                            <div class=\"s-column\">\r\n                    <a href=\"https:\/\/www.vertigis.com\/de\/solutions\/telekommunikation\/\">\r\n                        <img loading=\"lazy\" decoding=\"async\" width=\"35\" height=\"35\" src=\"https:\/\/www.vertigis.com\/wp-content\/uploads\/2021\/03\/icon-telecommunications.svg\" class=\"attachment-full size-full\" alt=\"\" \/>                        <h3>Telekommunikation<\/h3>\r\n                        <div class=\"content\">\r\n                            Erh\u00f6hen Sie die Sichtbarkeit Ihrer Daten, um Ihre Netzwerke besser zu planen, dokumentieren und betreiben.                        <\/div>\r\n                    <\/a>\r\n                <\/div>\r\n                            <div class=\"s-column\">\r\n                    <a href=\"https:\/\/www.vertigis.com\/de\/solutions\/utilities\/\">\r\n                        <img loading=\"lazy\" decoding=\"async\" width=\"35\" height=\"35\" src=\"https:\/\/www.vertigis.com\/wp-content\/uploads\/2022\/07\/icon-utilities-2.svg\" class=\"attachment-full size-full\" alt=\"\" \/>                        <h3>Utilities<\/h3>\r\n                        <div class=\"content\">\r\n                            Greifen Sie von allen Plattformen und Ger\u00e4ten auf unser offenes und konfigurierbares Web-GIS zu und nutzen Sie Ihre Daten optimal.                         <\/div>\r\n                    <\/a>\r\n                <\/div>\r\n                            <div class=\"s-column\">\r\n                    <a href=\"https:\/\/www.vertigis.com\/de\/branchen\/industrie-und-gewerbe\/\">\r\n                        <img loading=\"lazy\" decoding=\"async\" width=\"29\" height=\"35\" src=\"https:\/\/www.vertigis.com\/wp-content\/uploads\/2021\/03\/icon-manufacturing.svg\" class=\"attachment-full size-full\" alt=\"\" \/>                        <h3>Industrie und Gewerbe<\/h3>\r\n                        <div class=\"content\">\r\n                            Organisieren Sie Anlagen, Standorte, Rechte und Logistik in einer leistungsstarken Plattform.                         <\/div>\r\n                    <\/a>\r\n                <\/div>\r\n                            <div class=\"s-column\">\r\n                    <a href=\"https:\/\/www.vertigis.com\/de\/branchen\/immobilien-management\/\">\r\n                        <img loading=\"lazy\" decoding=\"async\" width=\"35\" height=\"35\" src=\"https:\/\/www.vertigis.com\/wp-content\/uploads\/2025\/08\/Infrastructure-new-icon.svg\" class=\"attachment-full size-full\" alt=\"\" \/>                        <h3>Immobilienmanagement<\/h3>\r\n                        <div class=\"content\">\r\n                            Entfesseln Sie die Kraft r\u00e4umlicher Intelligenz, optimierter Facility-Management-Workflows und moderner Datenanalytik.                         <\/div>\r\n                    <\/a>\r\n                <\/div>\r\n                            <div class=\"s-column\">\r\n                    <a href=\"https:\/\/www.vertigis.com\/de\/branchen\/oil-gas\/\">\r\n                        <img loading=\"lazy\" decoding=\"async\" width=\"39\" height=\"35\" src=\"https:\/\/www.vertigis.com\/wp-content\/uploads\/2025\/07\/OilGas-Icon.svg\" class=\"attachment-full size-full\" alt=\"\" \/>                        <h3>\u00d6l und Gas<\/h3>\r\n                        <div class=\"content\">\r\n                            Effizienter Betrieb, geringere Kosten und fundierte Entscheidungen dank datengest\u00fctzter Einblicke \u2013 bei Einhaltung s\u00e4mtlicher Auflagen.                        <\/div>\r\n                    <\/a>\r\n                <\/div>\r\n                            <div class=\"s-column\">\r\n                    <a href=\"https:\/\/www.vertigis.com\/de\/branchen\/aec\/\">\r\n                        <img loading=\"lazy\" decoding=\"async\" width=\"35\" height=\"35\" src=\"https:\/\/www.vertigis.com\/wp-content\/uploads\/2025\/04\/Construction-icon.svg\" class=\"attachment-full size-full\" alt=\"\" \/>                        <h3>Architektur, Ingenieur- und Bauwesen<\/h3>\r\n                        <div class=\"content\">\r\n                            F\u00fchren Sie Informationen zusammen und erm\u00f6glichen Sie allen Beteiligen einen einfachen Zugriff.                        <\/div>\r\n                    <\/a>\r\n                <\/div>\r\n                            <div class=\"s-column\">\r\n                    <a href=\"https:\/\/www.vertigis.com\/de\/branchen\/transport\/\">\r\n                        <img loading=\"lazy\" decoding=\"async\" width=\"39\" height=\"35\" src=\"https:\/\/www.vertigis.com\/wp-content\/uploads\/2025\/04\/Transportation.svg\" class=\"attachment-full size-full\" alt=\"\" \/>                        <h3>Transport<\/h3>\r\n                        <div class=\"content\">\r\n                            Optimieren Sie Ihre Logistik. Beschleunigen Sie die beh\u00f6rdliche Berichterstattung, Genehmigungs- und Projektpr\u00fcfungen.                        <\/div>\r\n                    <\/a>\r\n                <\/div>\r\n                    <\/div>\r\n            <\/div>\r\n<\/section>\n\n<style>\r\n    .cta {\r\n        padding: 120px 30px;\r\n    }\r\n    .cta .image-wrap {\r\n        width: 100%;\r\n        height: 36vw;\r\n        padding: 0 120px 30px 0;\r\n        position: relative;\r\n        transition: all 500ms;\r\n        min-height: 600px;\r\n        opacity: 0.5;\r\n        top: 120px;\r\n    }\r\n    .cta .content {\r\n        position: absolute;\r\n        right: 0px;\r\n        bottom: 0;\r\n        color: #fff;\r\n        width: 50%;\r\n        padding: 120px 30px;\r\n        font-size: 30px;\r\n        font-size: 16px;\r\n        background: #138943;\r\n    }\r\n    .cta .content > * {\r\n        max-width: 500px;\r\n    }\r\n    .cta .angle-graphic-left::before,\r\n    .cta .angle-graphic-left::after {\r\n        left: -30px;\r\n    }\r\n    .cta .angle-graphic-left::before {\r\n        top: 85%;\r\n    }\r\n    .cta .angle-graphic-left::after {\r\n        top: 95%;\r\n    }\r\n    .cta .angle-graphic-left.in-view::before {\r\n        top: 60%;\r\n    }\r\n    .cta .angle-graphic-left.in-view::after {\r\n        top: 75%;\r\n    }\r\n    .cta .angle-graphic-right::before,\r\n    .cta .angle-graphic-right::after {\r\n        right: -30px;\r\n    }\r\n    .cta .angle-graphic-right::before {\r\n        top: -15%;\r\n    }\r\n    .cta .angle-graphic-right::after {\r\n        top: -5%;\r\n    }\r\n    .cta .in-view .angle-graphic-right::before {\r\n        top: 10%;\r\n    }\r\n    .cta .in-view .angle-graphic-right::after {\r\n        top: 25%;\r\n    }\r\n    .cta .in-view .image-wrap {\r\n        opacity: 1;\r\n        top: 0;\r\n    }\r\n    .cta .button {\r\n        margin: 30px 15px 0 0px;\r\n    }\r\n    .cta .small-green-text {\r\n        color: #9FCC3B !important;\r\n    }\r\n    .cta h3 {\r\n        margin: 0;\r\n    }\r\n    @media (max-width: 800px) {\r\n        .cta {\r\n            padding: 30px;\r\n        }\r\n        .cta .image-wrap {\r\n            padding: 0 !important;\r\n            min-height: 330px;\r\n        }\r\n        .cta .content {\r\n            width: 100% !important;\r\n            z-index: 1;\r\n            margin: -60px -30px 0 0;\r\n            position: static;\r\n            padding: 60px 30px;\r\n        }\r\n        .cta .container {\r\n            display: flex;\r\n            flex-wrap: wrap;\r\n            justify-content: flex-end;\r\n        }\r\n        .cta h3 {\r\n            font-size: 30px;\r\n        }\r\n        .cta .button {\r\n            display: block;\r\n            text-align: center;\r\n        }\r\n    }\r\n<\/style>\r\n\r\n\r\n<section id=\" angle-bg\" class=\"cta angle-bg angle-bg\">\r\n    <div class=\"angle-graphic-left graphic-2\">\r\n        <div class=\"angle-graphic-right\">\r\n            <div class=\"container\">\r\n                <div class=\"image-wrap\">\r\n                    <img loading=\"lazy\" decoding=\"async\" width=\"2289\" height=\"1410\" src=\"https:\/\/www.vertigis.com\/wp-content\/uploads\/2021\/04\/handshake.jpg\" class=\"attachment-full size-full\" alt=\"\" srcset=\"https:\/\/www.vertigis.com\/wp-content\/uploads\/2021\/04\/handshake.jpg 2289w, https:\/\/www.vertigis.com\/wp-content\/uploads\/2021\/04\/handshake-300x185.jpg 300w, https:\/\/www.vertigis.com\/wp-content\/uploads\/2021\/04\/handshake-1024x631.jpg 1024w, https:\/\/www.vertigis.com\/wp-content\/uploads\/2021\/04\/handshake-1536x946.jpg 1536w, https:\/\/www.vertigis.com\/wp-content\/uploads\/2021\/04\/handshake-2048x1262.jpg 2048w, https:\/\/www.vertigis.com\/wp-content\/uploads\/2021\/04\/handshake-400x246.jpg 400w, https:\/\/www.vertigis.com\/wp-content\/uploads\/2021\/04\/handshake-800x493.jpg 800w, https:\/\/www.vertigis.com\/wp-content\/uploads\/2021\/04\/handshake-1200x739.jpg 1200w, https:\/\/www.vertigis.com\/wp-content\/uploads\/2021\/04\/handshake-1600x986.jpg 1600w\" sizes=\"auto, (max-width: 2289px) 100vw, 2289px\" \/>                <\/div>\r\n                <div class=\"content\">\r\n                                            <h4 class=\"small-green-text\">Haben Sie nicht gefunden, wonach Sie gesucht haben?<\/h4>\r\n                                                                <h3>Finden Sie die richtige VertiGIS Neo Software-L\u00f6sung.<\/h3>\r\n                                                                                                                <a class=\"button black\"href=\"https:\/\/www.vertigis.com\/de\/vertigis-studio\/\">Erfahren Sie mehr<\/a>\r\n                                                                                <\/div>\r\n            <\/div>\r\n        <\/div>      \r\n    <\/div>\r\n<\/section>","protected":false},"excerpt":{"rendered":"","protected":false},"author":1,"featured_media":0,"parent":0,"menu_order":81,"comment_status":"closed","ping_status":"closed","template":"","meta":{"_acf_changed":false,"_EventAllDay":false,"_EventTimezone":"","_EventStartDate":"","_EventEndDate":"","_EventStartDateUTC":"","_EventEndDateUTC":"","_EventShowMap":false,"_EventShowMapLink":false,"_EventURL":"","_EventCost":"","_EventCostDescription":"","_EventCurrencySymbol":"","_EventCurrencyCode":"","_EventCurrencyPosition":"","_EventDateTimeSeparator":"","_EventTimeRangeSeparator":"","_EventOrganizerID":[],"_EventVenueID":[],"_OrganizerEmail":"","_OrganizerPhone":"","_OrganizerWebsite":"","_VenueAddress":"","_VenueCity":"","_VenueCountry":"","_VenueProvince":"","_VenueState":"","_VenueZip":"","_VenuePhone":"","_VenueURL":"","_VenueStateProvince":"","_VenueLat":"","_VenueLng":"","_VenueShowMap":false,"_VenueShowMapLink":false,"footnotes":""},"wf_page_folders":[402],"class_list":["post-4095","page","type-page","status-publish","hentry"],"acf":[],"yoast_head":"<!-- This site is optimized with the Yoast SEO Premium plugin v27.3 (Yoast SEO v27.3) - https:\/\/yoast.com\/product\/yoast-seo-premium-wordpress\/ -->\n<title>VertiGIS Neo: Spatial Asset-Management Software f\u00fcr viele Branchen<\/title>\n<meta name=\"description\" content=\"GIS-basierte Spatial Asset-Management Software f\u00fcr Beh\u00f6rden, Utilities, Telekommunikation, Infrastrukturmanagement, \u00d6l- &amp; Gas sowie AEC.\" \/>\n<meta name=\"robots\" content=\"index, follow, max-snippet:-1, max-image-preview:large, max-video-preview:-1\" \/>\n<link rel=\"canonical\" href=\"https:\/\/www.vertigis.com\/de\/branchen\/\" \/>\n<meta property=\"og:locale\" content=\"de_DE\" \/>\n<meta property=\"og:type\" content=\"article\" \/>\n<meta property=\"og:title\" content=\"Branchen\" \/>\n<meta property=\"og:url\" content=\"https:\/\/www.vertigis.com\/de\/branchen\/\" \/>\n<meta property=\"og:site_name\" content=\"VertiGIS\" \/>\n<meta property=\"article:modified_time\" content=\"2026-03-27T07:57:03+00:00\" \/>\n<meta name=\"twitter:card\" content=\"summary_large_image\" \/>\n<meta name=\"twitter:label1\" content=\"Gesch\u00e4tzte Lesezeit\" \/>\n\t<meta name=\"twitter:data1\" content=\"3\u00a0Minuten\" \/>\n<script type=\"application\/ld+json\" class=\"yoast-schema-graph\">{\"@context\":\"https:\\\/\\\/schema.org\",\"@graph\":[{\"@type\":\"WebPage\",\"@id\":\"https:\\\/\\\/www.vertigis.com\\\/de\\\/branchen\\\/\",\"url\":\"https:\\\/\\\/www.vertigis.com\\\/de\\\/branchen\\\/\",\"name\":\"VertiGIS Neo: Spatial Asset-Management Software f\u00fcr viele Branchen\",\"isPartOf\":{\"@id\":\"https:\\\/\\\/www.vertigis.com\\\/de\\\/#website\"},\"datePublished\":\"2021-04-08T16:12:29+00:00\",\"dateModified\":\"2026-03-27T07:57:03+00:00\",\"description\":\"GIS-basierte Spatial Asset-Management Software f\u00fcr Beh\u00f6rden, Utilities, Telekommunikation, Infrastrukturmanagement, \u00d6l- & Gas sowie AEC.\",\"inLanguage\":\"de\",\"potentialAction\":[{\"@type\":\"ReadAction\",\"target\":[\"https:\\\/\\\/www.vertigis.com\\\/de\\\/branchen\\\/\"]}]},{\"@type\":\"WebSite\",\"@id\":\"https:\\\/\\\/www.vertigis.com\\\/de\\\/#website\",\"url\":\"https:\\\/\\\/www.vertigis.com\\\/de\\\/\",\"name\":\"VertiGIS\",\"description\":\"Solutions designed with your purpose in mind\",\"publisher\":{\"@id\":\"https:\\\/\\\/www.vertigis.com\\\/de\\\/#organization\"},\"potentialAction\":[{\"@type\":\"SearchAction\",\"target\":{\"@type\":\"EntryPoint\",\"urlTemplate\":\"https:\\\/\\\/www.vertigis.com\\\/de\\\/?s={search_term_string}\"},\"query-input\":{\"@type\":\"PropertyValueSpecification\",\"valueRequired\":true,\"valueName\":\"search_term_string\"}}],\"inLanguage\":\"de\"},{\"@type\":\"Organization\",\"@id\":\"https:\\\/\\\/www.vertigis.com\\\/de\\\/#organization\",\"name\":\"VertiGIS\",\"url\":\"https:\\\/\\\/www.vertigis.com\\\/de\\\/\",\"logo\":{\"@type\":\"ImageObject\",\"inLanguage\":\"de\",\"@id\":\"https:\\\/\\\/www.vertigis.com\\\/de\\\/#\\\/schema\\\/logo\\\/image\\\/\",\"url\":\"https:\\\/\\\/www.vertigis.com\\\/wp-content\\\/uploads\\\/2025\\\/07\\\/VertiGIS-Studio-Logo-1-1.png\",\"contentUrl\":\"https:\\\/\\\/www.vertigis.com\\\/wp-content\\\/uploads\\\/2025\\\/07\\\/VertiGIS-Studio-Logo-1-1.png\",\"width\":823,\"height\":127,\"caption\":\"VertiGIS\"},\"image\":{\"@id\":\"https:\\\/\\\/www.vertigis.com\\\/de\\\/#\\\/schema\\\/logo\\\/image\\\/\"}}]}<\/script>\n<!-- \/ Yoast SEO Premium plugin. -->","yoast_head_json":{"title":"VertiGIS Neo: Spatial Asset-Management Software f\u00fcr viele Branchen","description":"GIS-basierte Spatial Asset-Management Software f\u00fcr Beh\u00f6rden, Utilities, Telekommunikation, Infrastrukturmanagement, \u00d6l- & Gas sowie AEC.","robots":{"index":"index","follow":"follow","max-snippet":"max-snippet:-1","max-image-preview":"max-image-preview:large","max-video-preview":"max-video-preview:-1"},"canonical":"https:\/\/www.vertigis.com\/de\/branchen\/","og_locale":"de_DE","og_type":"article","og_title":"Branchen","og_url":"https:\/\/www.vertigis.com\/de\/branchen\/","og_site_name":"VertiGIS","article_modified_time":"2026-03-27T07:57:03+00:00","twitter_card":"summary_large_image","twitter_misc":{"Gesch\u00e4tzte Lesezeit":"3\u00a0Minuten"},"schema":{"@context":"https:\/\/schema.org","@graph":[{"@type":"WebPage","@id":"https:\/\/www.vertigis.com\/de\/branchen\/","url":"https:\/\/www.vertigis.com\/de\/branchen\/","name":"VertiGIS Neo: Spatial Asset-Management Software f\u00fcr viele Branchen","isPartOf":{"@id":"https:\/\/www.vertigis.com\/de\/#website"},"datePublished":"2021-04-08T16:12:29+00:00","dateModified":"2026-03-27T07:57:03+00:00","description":"GIS-basierte Spatial Asset-Management Software f\u00fcr Beh\u00f6rden, Utilities, Telekommunikation, Infrastrukturmanagement, \u00d6l- & Gas sowie AEC.","inLanguage":"de","potentialAction":[{"@type":"ReadAction","target":["https:\/\/www.vertigis.com\/de\/branchen\/"]}]},{"@type":"WebSite","@id":"https:\/\/www.vertigis.com\/de\/#website","url":"https:\/\/www.vertigis.com\/de\/","name":"VertiGIS","description":"Solutions designed with your purpose in mind","publisher":{"@id":"https:\/\/www.vertigis.com\/de\/#organization"},"potentialAction":[{"@type":"SearchAction","target":{"@type":"EntryPoint","urlTemplate":"https:\/\/www.vertigis.com\/de\/?s={search_term_string}"},"query-input":{"@type":"PropertyValueSpecification","valueRequired":true,"valueName":"search_term_string"}}],"inLanguage":"de"},{"@type":"Organization","@id":"https:\/\/www.vertigis.com\/de\/#organization","name":"VertiGIS","url":"https:\/\/www.vertigis.com\/de\/","logo":{"@type":"ImageObject","inLanguage":"de","@id":"https:\/\/www.vertigis.com\/de\/#\/schema\/logo\/image\/","url":"https:\/\/www.vertigis.com\/wp-content\/uploads\/2025\/07\/VertiGIS-Studio-Logo-1-1.png","contentUrl":"https:\/\/www.vertigis.com\/wp-content\/uploads\/2025\/07\/VertiGIS-Studio-Logo-1-1.png","width":823,"height":127,"caption":"VertiGIS"},"image":{"@id":"https:\/\/www.vertigis.com\/de\/#\/schema\/logo\/image\/"}}]}},"_links":{"self":[{"href":"https:\/\/www.vertigis.com\/de\/wp-json\/wp\/v2\/pages\/4095","targetHints":{"allow":["GET"]}}],"collection":[{"href":"https:\/\/www.vertigis.com\/de\/wp-json\/wp\/v2\/pages"}],"about":[{"href":"https:\/\/www.vertigis.com\/de\/wp-json\/wp\/v2\/types\/page"}],"author":[{"embeddable":true,"href":"https:\/\/www.vertigis.com\/de\/wp-json\/wp\/v2\/users\/1"}],"replies":[{"embeddable":true,"href":"https:\/\/www.vertigis.com\/de\/wp-json\/wp\/v2\/comments?post=4095"}],"version-history":[{"count":0,"href":"https:\/\/www.vertigis.com\/de\/wp-json\/wp\/v2\/pages\/4095\/revisions"}],"wp:attachment":[{"href":"https:\/\/www.vertigis.com\/de\/wp-json\/wp\/v2\/media?parent=4095"}],"wp:term":[{"taxonomy":"wf_page_folders","embeddable":true,"href":"https:\/\/www.vertigis.com\/de\/wp-json\/wp\/v2\/wf_page_folders?post=4095"}],"curies":[{"name":"wp","href":"https:\/\/api.w.org\/{rel}","templated":true}]}}